{"id":1074,"date":"2020-08-10T23:17:18","date_gmt":"2020-08-10T21:17:18","guid":{"rendered":"https:\/\/folkerts.beta.hellerbit.de\/?page_id=1074"},"modified":"2020-09-03T21:39:31","modified_gmt":"2020-09-03T19:39:31","slug":"impressum","status":"publish","type":"page","link":"https:\/\/www.hausarzt-dr-folkerts.de\/index.php\/impressum\/","title":{"rendered":"Impressum"},"content":{"rendered":"<div class=\"fusion-fullwidth fullwidth-box fusion-builder-row-1 fusion-flex-container nonhundred-percent-fullwidth non-hundred-percent-height-scrolling\" style=\"--awb-border-radius-top-left:0px;--awb-border-radius-top-right:0px;--awb-border-radius-bottom-right:0px;--awb-border-radius-bottom-left:0px;--awb-margin-top:48px;--awb-flex-wrap:wrap;\" ><div class=\"fusion-builder-row fusion-row fusion-flex-align-items-flex-start fusion-flex-content-wrap\" style=\"max-width:1216.8px;margin-left: calc(-4% \/ 2 );margin-right: calc(-4% \/ 2 );\"><div class=\"fusion-layout-column fusion_builder_column fusion-builder-column-0 fusion_builder_column_1_1 1_1 fusion-flex-column\" style=\"--awb-bg-size:cover;--awb-width-large:100%;--awb-margin-top-large:0px;--awb-spacing-right-large:1.92%;--awb-margin-bottom-large:30px;--awb-spacing-left-large:1.92%;--awb-width-medium:100%;--awb-order-medium:0;--awb-spacing-right-medium:1.92%;--awb-spacing-left-medium:1.92%;--awb-width-small:100%;--awb-order-small:0;--awb-spacing-right-small:1.92%;--awb-spacing-left-small:1.92%;\"><div class=\"fusion-column-wrapper fusion-column-has-shadow fusion-flex-justify-content-flex-start fusion-content-layout-column\"><div class=\"fusion-title title fusion-title-1 fusion-sep-none fusion-title-text fusion-title-size-two\" style=\"--awb-margin-top-small:0px;--awb-margin-right-small:0px;--awb-margin-bottom-small:20px;--awb-margin-left-small:0px;\"><h2 class=\"fusion-title-heading title-heading-left fusion-responsive-typography-calculated\" style=\"margin:0;--fontSize:46;line-height:1.25;\">Impressum<\/h2><\/div><div class=\"fusion-text fusion-text-1\"><p>Inhaltlich Verantwortlicher gem\u00e4\u00df \u00a7 55 Abs. 2 RStV:<\/p>\n<p>Dr. med. Malte Folkerts<br \/>Augustenstr. 64<br \/>80333 M\u00fcnchen<\/p>\n<p>Haftungshinweis:<\/p>\n<p>Trotz sorgf\u00e4ltiger inhaltlicher Kontrolle \u00fcbernehmen wir keine Haftung f\u00fcr die Inhalte externer Links. F\u00fcr den Inhalt der verlinkten Seiten sind ausschlie\u00dflich deren Betreiber verantwortlich.<\/p>\n<p>Anschrift und Kontaktm\u00f6glichkeit:<br \/>Augustenstr. 64<br \/>80333 M\u00fcnchen<br \/>Telefon 089 \u2013 52 46 52<br \/>Fax 089 \u2013 52 75 64<br \/><a href=\"mailto:info@hausarzt-dr-folkerts.de\">info@hausarzt-dr-folkerts.de<\/a><\/p>\n<p><a href=\"http:\/\/www.hausarzt-dr-folkerts.de\">www.hausarzt-dr-folkerts.de<\/a><\/p>\n<h3>Zust\u00e4ndige Aufsichtsbeh\u00f6rde<\/h3>\n<p>Kassen\u00e4rztliche Vereinigung Bayerns<br \/>Elsenheimerstr. 39<br \/>80687 M\u00fcnchen<br \/><a href=\"http:\/\/www.kvb.de\/\">www.kvb.de<\/a><\/p>\n<h3>Zust\u00e4ndige \u00c4rztekammer:<\/h3>\n<p>Bayerische Landes\u00e4rztekammer<br \/>M\u00fchlbaurstr. 16<br \/>81677 M\u00fcnchen<br \/><a href=\"http:\/\/www.blaek.de\/\">www.blaek.de<\/a><\/p>\n<h3>Gesetzliche Berufsbezeichung:<\/h3>\n<p>Arzt\/\u00c4rztin<\/p>\n<h3>Staat, der die Berufsbezeichung verliehen hat:<\/h3>\n<p>Bundesrepublik Deutschland<\/p>\n<h3>Berufsrechtliche Regelung<\/h3>\n<p>Berufsordnung f\u00fcr die \u00c4rzte Bayerns<br \/><a href=\"http:\/\/www.blaek.de\/\">www.blaek.de<\/a><\/p>\n<h3>Fotos:<\/h3>\n<p>Photogenika<\/p>\n<p><a href=\"https:\/\/www.photogenika.de\" target=\"_blank\" rel=\"noopener noreferrer\">www.photogenika.de<\/a><\/p>\n<h3>Technische Realisierung:<\/h3>\n<p>hellerbit technologies<\/p>\n<p><a href=\"https:\/\/www.hellerbit.com\">www.hellerbit.com<\/a><\/p>\n<\/div><\/div><\/div><\/div><\/div>\n","protected":false},"excerpt":{"rendered":"","protected":false},"author":1,"featured_media":0,"parent":0,"menu_order":0,"comment_status":"closed","ping_status":"closed","template":"","meta":{"footnotes":""},"class_list":["post-1074","page","type-page","status-publish","hentry"],"yoast_head":"<!-- This site is optimized with the Yoast SEO plugin v27.2 - https:\/\/yoast.com\/product\/yoast-seo-wordpress\/ -->\n<title>Impressum - Praxis Dr. Folkerts<\/title>\n<meta name=\"robots\" content=\"index, follow, max-snippet:-1, max-image-preview:large, max-video-preview:-1\" \/>\n<link rel=\"canonical\" href=\"https:\/\/www.hausarzt-dr-folkerts.de\/index.php\/impressum\/\" \/>\n<meta property=\"og:locale\" content=\"de_DE\" \/>\n<meta property=\"og:type\" content=\"article\" \/>\n<meta property=\"og:title\" content=\"Impressum - Praxis Dr. Folkerts\" \/>\n<meta property=\"og:url\" content=\"https:\/\/www.hausarzt-dr-folkerts.de\/index.php\/impressum\/\" \/>\n<meta property=\"og:site_name\" content=\"Praxis Dr. Folkerts\" \/>\n<meta property=\"article:modified_time\" content=\"2020-09-03T19:39:31+00:00\" \/>\n<meta property=\"og:image\" content=\"https:\/\/www.hausarzt-dr-folkerts.de\/wp-content\/uploads\/2020\/08\/0029_Folkerts_TRG_15_15012019-scaled.jpg\" \/>\n\t<meta property=\"og:image:width\" content=\"2560\" \/>\n\t<meta property=\"og:image:height\" content=\"1707\" \/>\n\t<meta property=\"og:image:type\" content=\"image\/jpeg\" \/>\n<meta name=\"twitter:card\" content=\"summary_large_image\" \/>\n<meta name=\"twitter:label1\" content=\"Gesch\u00e4tzte Lesezeit\" \/>\n\t<meta name=\"twitter:data1\" content=\"3\u00a0Minuten\" \/>\n<script type=\"application\/ld+json\" class=\"yoast-schema-graph\">{\"@context\":\"https:\/\/schema.org\",\"@graph\":[{\"@type\":\"WebPage\",\"@id\":\"https:\/\/www.hausarzt-dr-folkerts.de\/index.php\/impressum\/\",\"url\":\"https:\/\/www.hausarzt-dr-folkerts.de\/index.php\/impressum\/\",\"name\":\"Impressum - Praxis Dr. Folkerts\",\"isPartOf\":{\"@id\":\"https:\/\/www.hausarzt-dr-folkerts.de\/#website\"},\"datePublished\":\"2020-08-10T21:17:18+00:00\",\"dateModified\":\"2020-09-03T19:39:31+00:00\",\"breadcrumb\":{\"@id\":\"https:\/\/www.hausarzt-dr-folkerts.de\/index.php\/impressum\/#breadcrumb\"},\"inLanguage\":\"de\",\"potentialAction\":[{\"@type\":\"ReadAction\",\"target\":[\"https:\/\/www.hausarzt-dr-folkerts.de\/index.php\/impressum\/\"]}]},{\"@type\":\"BreadcrumbList\",\"@id\":\"https:\/\/www.hausarzt-dr-folkerts.de\/index.php\/impressum\/#breadcrumb\",\"itemListElement\":[{\"@type\":\"ListItem\",\"position\":1,\"name\":\"Start\",\"item\":\"https:\/\/www.hausarzt-dr-folkerts.de\/\"},{\"@type\":\"ListItem\",\"position\":2,\"name\":\"Impressum\"}]},{\"@type\":\"WebSite\",\"@id\":\"https:\/\/www.hausarzt-dr-folkerts.de\/#website\",\"url\":\"https:\/\/www.hausarzt-dr-folkerts.de\/\",\"name\":\"Praxis Dr. Folkerts\",\"description\":\"Hausarztpraxis in M\u00fcnchen Maxvorstadt\",\"publisher\":{\"@id\":\"https:\/\/www.hausarzt-dr-folkerts.de\/#organization\"},\"potentialAction\":[{\"@type\":\"SearchAction\",\"target\":{\"@type\":\"EntryPoint\",\"urlTemplate\":\"https:\/\/www.hausarzt-dr-folkerts.de\/?s={search_term_string}\"},\"query-input\":{\"@type\":\"PropertyValueSpecification\",\"valueRequired\":true,\"valueName\":\"search_term_string\"}}],\"inLanguage\":\"de\"},{\"@type\":\"Organization\",\"@id\":\"https:\/\/www.hausarzt-dr-folkerts.de\/#organization\",\"name\":\"Hausarztpraxis Dr. Folkerts\",\"url\":\"https:\/\/www.hausarzt-dr-folkerts.de\/\",\"logo\":{\"@type\":\"ImageObject\",\"inLanguage\":\"de\",\"@id\":\"https:\/\/www.hausarzt-dr-folkerts.de\/#\/schema\/logo\/image\/\",\"url\":\"https:\/\/www.hausarzt-dr-folkerts.de\/wp-content\/uploads\/2020\/08\/logo-malte-folkerts-oneline_2x.png\",\"contentUrl\":\"https:\/\/www.hausarzt-dr-folkerts.de\/wp-content\/uploads\/2020\/08\/logo-malte-folkerts-oneline_2x.png\",\"width\":800,\"height\":131,\"caption\":\"Hausarztpraxis Dr. Folkerts\"},\"image\":{\"@id\":\"https:\/\/www.hausarzt-dr-folkerts.de\/#\/schema\/logo\/image\/\"}}]}<\/script>\n<!-- \/ Yoast SEO plugin. -->","yoast_head_json":{"title":"Impressum - Praxis Dr. Folkerts","robots":{"index":"index","follow":"follow","max-snippet":"max-snippet:-1","max-image-preview":"max-image-preview:large","max-video-preview":"max-video-preview:-1"},"canonical":"https:\/\/www.hausarzt-dr-folkerts.de\/index.php\/impressum\/","og_locale":"de_DE","og_type":"article","og_title":"Impressum - Praxis Dr. Folkerts","og_url":"https:\/\/www.hausarzt-dr-folkerts.de\/index.php\/impressum\/","og_site_name":"Praxis Dr. Folkerts","article_modified_time":"2020-09-03T19:39:31+00:00","og_image":[{"width":2560,"height":1707,"url":"https:\/\/www.hausarzt-dr-folkerts.de\/wp-content\/uploads\/2020\/08\/0029_Folkerts_TRG_15_15012019-scaled.jpg","type":"image\/jpeg"}],"twitter_card":"summary_large_image","twitter_misc":{"Gesch\u00e4tzte Lesezeit":"3\u00a0Minuten"},"schema":{"@context":"https:\/\/schema.org","@graph":[{"@type":"WebPage","@id":"https:\/\/www.hausarzt-dr-folkerts.de\/index.php\/impressum\/","url":"https:\/\/www.hausarzt-dr-folkerts.de\/index.php\/impressum\/","name":"Impressum - Praxis Dr. Folkerts","isPartOf":{"@id":"https:\/\/www.hausarzt-dr-folkerts.de\/#website"},"datePublished":"2020-08-10T21:17:18+00:00","dateModified":"2020-09-03T19:39:31+00:00","breadcrumb":{"@id":"https:\/\/www.hausarzt-dr-folkerts.de\/index.php\/impressum\/#breadcrumb"},"inLanguage":"de","potentialAction":[{"@type":"ReadAction","target":["https:\/\/www.hausarzt-dr-folkerts.de\/index.php\/impressum\/"]}]},{"@type":"BreadcrumbList","@id":"https:\/\/www.hausarzt-dr-folkerts.de\/index.php\/impressum\/#breadcrumb","itemListElement":[{"@type":"ListItem","position":1,"name":"Start","item":"https:\/\/www.hausarzt-dr-folkerts.de\/"},{"@type":"ListItem","position":2,"name":"Impressum"}]},{"@type":"WebSite","@id":"https:\/\/www.hausarzt-dr-folkerts.de\/#website","url":"https:\/\/www.hausarzt-dr-folkerts.de\/","name":"Praxis Dr. Folkerts","description":"Hausarztpraxis in M\u00fcnchen Maxvorstadt","publisher":{"@id":"https:\/\/www.hausarzt-dr-folkerts.de\/#organization"},"potentialAction":[{"@type":"SearchAction","target":{"@type":"EntryPoint","urlTemplate":"https:\/\/www.hausarzt-dr-folkerts.de\/?s={search_term_string}"},"query-input":{"@type":"PropertyValueSpecification","valueRequired":true,"valueName":"search_term_string"}}],"inLanguage":"de"},{"@type":"Organization","@id":"https:\/\/www.hausarzt-dr-folkerts.de\/#organization","name":"Hausarztpraxis Dr. Folkerts","url":"https:\/\/www.hausarzt-dr-folkerts.de\/","logo":{"@type":"ImageObject","inLanguage":"de","@id":"https:\/\/www.hausarzt-dr-folkerts.de\/#\/schema\/logo\/image\/","url":"https:\/\/www.hausarzt-dr-folkerts.de\/wp-content\/uploads\/2020\/08\/logo-malte-folkerts-oneline_2x.png","contentUrl":"https:\/\/www.hausarzt-dr-folkerts.de\/wp-content\/uploads\/2020\/08\/logo-malte-folkerts-oneline_2x.png","width":800,"height":131,"caption":"Hausarztpraxis Dr. Folkerts"},"image":{"@id":"https:\/\/www.hausarzt-dr-folkerts.de\/#\/schema\/logo\/image\/"}}]}},"_links":{"self":[{"href":"https:\/\/www.hausarzt-dr-folkerts.de\/index.php\/wp-json\/wp\/v2\/pages\/1074","targetHints":{"allow":["GET"]}}],"collection":[{"href":"https:\/\/www.hausarzt-dr-folkerts.de\/index.php\/wp-json\/wp\/v2\/pages"}],"about":[{"href":"https:\/\/www.hausarzt-dr-folkerts.de\/index.php\/wp-json\/wp\/v2\/types\/page"}],"author":[{"embeddable":true,"href":"https:\/\/www.hausarzt-dr-folkerts.de\/index.php\/wp-json\/wp\/v2\/users\/1"}],"replies":[{"embeddable":true,"href":"https:\/\/www.hausarzt-dr-folkerts.de\/index.php\/wp-json\/wp\/v2\/comments?post=1074"}],"version-history":[{"count":8,"href":"https:\/\/www.hausarzt-dr-folkerts.de\/index.php\/wp-json\/wp\/v2\/pages\/1074\/revisions"}],"predecessor-version":[{"id":1190,"href":"https:\/\/www.hausarzt-dr-folkerts.de\/index.php\/wp-json\/wp\/v2\/pages\/1074\/revisions\/1190"}],"wp:attachment":[{"href":"https:\/\/www.hausarzt-dr-folkerts.de\/index.php\/wp-json\/wp\/v2\/media?parent=1074"}],"curies":[{"name":"wp","href":"https:\/\/api.w.org\/{rel}","templated":true}]}}